{"id":12,"date":"2024-06-24T09:15:43","date_gmt":"2024-06-24T09:15:43","guid":{"rendered":"https:\/\/ophthalmo-connect.ch\/?page_id=12"},"modified":"2025-12-04T13:06:20","modified_gmt":"2025-12-04T13:06:20","slug":"ophthalmo-connect-das-netzwerk-fuer-augenaerztinnen-und-augenaerzte","status":"publish","type":"page","link":"https:\/\/www.ophthalmo-connect.ch\/","title":{"rendered":"Startseite"},"content":{"rendered":"\n<div style=\"position: relative; overflow: hidden; height: 800px;\" class=\"image-container\">\n<div class=\"slide active\">\n\n\n\n<figure class=\"wp-block-image size-large\"><img decoding=\"async\" src=\"https:\/\/www.ophthalmo-connect.ch\/wp-content\/uploads\/2024\/07\/header-v3-min.png\" alt=\"\" class=\"wp-image-25\" style=\"height: 800px; min-width: 100%; object-fit: cover; object-position: center;\"\/><\/figure>\n\n\n\n<div class=\"title-container\">\n<h1 class=\"wp-block-heading\" style=\"\n        position: absolute;\n        bottom: 150px;  \/* sets the bottom margin to 10px *\/\npadding-top: 10px;  \/* sets the bottom margin to 10px *\/\n        left: 30px;   \/* sets the left margin to 10px *\/\n right: 20px; \n        color: white; \/* optional: changes the text color *\/\n        z-index: 10;\nfont-size: 350%;\nmax-width: 800px;\nfont-family: \"Helvetica Neue\", Helvetica, Arial, sans-serif !important;\n    text-shadow:\n    -1px -1px 0 #000,\n     0   -1px 0 #000,\n     1px -1px 0 #000,\n     1px  0   0 #000,\n     1px  1px 0 #000,\n     0    1px 0 #000,\n    -1px  1px 0 #000,\n    -1px  0   0 #000;\n\">Will&shy;kommen im Ophthalmo Connect-Netzwerk<\/h1>\n<\/div>\n\n\n\n<\/div>\n\n\n\n<div class=\"slide\">\n\n\n\n<figure class=\"wp-block-image size-large\"><img decoding=\"async\" src=\"https:\/\/www.ophthalmo-connect.ch\/wp-content\/uploads\/2024\/07\/header-OP.png\" alt=\"\" class=\"wp-image-25\"\/><\/figure>\n\n\n\n<h1 class=\"wp-block-heading title-container\">F\u00fcr selbst\u00adst\u00e4ndig ge\u00adf\u00fchrte Augen\u00adarzt\u00adpraxen<\/h1>\n\n\n\n<\/div>\n\n\n\n<div class=\"slide\">\n\n\n\n<figure class=\"wp-block-image size-large\"><img decoding=\"async\" src=\"https:\/\/www.ophthalmo-connect.ch\/wp-content\/uploads\/2024\/07\/header-weiss.png\" alt=\"\" class=\"wp-image-25\"\/><\/figure>\n\n\n\n<h1 class=\"wp-block-heading title-container\">Netzwerk f\u00fcr qua\u00adli\u00adtativ hoch\u00adwertige Augen\u00admedizin<\/h1>\n\n\n\n<\/div>\n<\/div>\n\n\n\n<div style=\"padding: 0 5%;;\">\n\n\n\n<p><\/p>\n\n\n\n<p><p style=\"margin-top: 30px;font-weight:bold;\">Ophthalmo Connect wurde von renommierten Augenarztpraxen gegr\u00fcndet, um die fachliche Zusammenarbeit zwischen den selbstst\u00e4ndig gef\u00fchrten Augenpraxen zu f\u00f6rdern und die Patientenversorgung zu verbessern. Das Ziel der Netzwerkpartner ist es, durch Know-how-Transfer und Nutzung von Skaleneffekten gemeinsam zu profitieren.<\/p><\/p><br>\n\n\n\n<h3 class=\"wp-block-heading\">Die Netzwerkpartner arbeiten vor allem in folgenden Bereichen zusammen:<\/h3>\n\n\n\n<hr class=\"wp-block-separator aligncenter has-alpha-channel-opacity is-style-default\"\/>\n\n\n\n<div style=\"max-width: 650px;\">\n\n\n\n<ul class=\"wp-block-list\">\n<li><strong>Fachlicher Austausch:<\/strong> Ophthalmo Connect erm\u00f6glicht Augen\u00e4rzt:innen, Optometrist:innen und Orthoptist:innen der Partnerpraxen, ihr Wissen und ihre Erfahrungen durch den regelm\u00e4ssigen Austausch kontinuierlich zu erweitern.&nbsp;<\/li><\/li><\/br>\n\n\n\n<li><strong>Einkauf:<\/strong> Ophthalmo Connect unterst\u00fctzt die Partner bei Preisverhandlungen und der Beschaffung hochwertiger medizinischer Produkte, wodurch Kosten eingespart werden k\u00f6nnen.\n&nbsp;<\/li><\/br>\n\n\n\n<li><strong>Weiterbildungsstatus C1\/C2:<\/strong> Das Netzwerk unterst\u00fctzt Partnerpraxen dabei, ihren Weiterbildungsstatus zu erhalten und die n\u00e4chste Stufe zu erlangen. Zudem bietet es Fachpersonal die M\u00f6glichkeit, sich bei Partnerpraxen weiterzubilden.\n&nbsp;<\/li><\/br>\n\n\n\n<li><strong>Zuweisungen und beleg\u00e4rztliche Kooperationen:<\/strong> Die Partnerpraxen arbeiten eng zusammen und weisen Patient:innen f\u00fcr Zweitmeinungen und Behandlungen innerhalb des Netzwerks zu. Es besteht zudem die M\u00f6glichkeit als Beleg\u00e4rztin oder Belegarzt innerhalb des Netzwerks zu attraktiven Konditionen zu operieren.\n<\/li><\/br>\n\n\n\n<li><strong>Rekrutierung:<\/strong> Im Ophthalmo Connect-Netzwerk unterst\u00fctzen die Partnerpraxen einander in ausgew\u00e4hlten F\u00e4llen, qualifiziertes medizinisches Personal zu gewinnen.&nbsp;&nbsp;<\/li><\/br>\n\n\n\n<li><strong>Marketing:<\/strong> Ophthalmo Connect unterst\u00fctzt bei Marketinginitiativen und st\u00e4rkt so die Sichtbarkeit der Netzwerkpartner.<\/li><\/br>\n<\/ul>\n\n\n<div class=\"wp-block-image\">\n<figure class=\"aligncenter size-full is-resized\"><img decoding=\"async\" src=\"https:\/\/www.ophthalmo-connect.ch\/wp-content\/uploads\/2024\/07\/Senior-man-getting-eye-exam-at-clinic_rund.png\" alt=\"\" class=\"wp-image-331\" style=\"width:302px;height:auto\"\/><\/figure>\n<\/div>\n\n\n<\/br><\/br><\/div>\n\n\n\n<h3 class=\"wp-block-heading\">Netzwerkpartner<\/h3>\n\n\n\n<hr class=\"wp-block-separator aligncenter has-alpha-channel-opacity is-style-default\"\/>\n\n\n\nOC-Netzwerk\n\n\n<style>\n  .custom-table {\n    width: 100%;\n    border-collapse: collapse;\n  }\n  .custom-table th, .custom-table td {\n    border: 0px solid #ddd;\n    padding: 8px;\n  }\n  .custom-table th {\n    background-color: #f2f2f2;\n    text-align: left;\n  }\n  .custom-table .logo-column {\n    width: 33.33%; \/* 1\/3 der Tabellenbreite *\/\n    text-align: center; \/* Zentriert den Inhalt der Logo-Spalte *\/\n  }\n  .custom-table .partner-column {\n    width: 66.67%; \/* 2\/3 der Tabellenbreite *\/\n  }\n  .custom-table img {\n    width: auto; \/* 20% kleiner als vorher *\/\n    height: 80px; \/* 20% kleiner als vorher *\/\n    object-fit: contain; \/* Skaliert das Logo, um innerhalb des Quadrats zu passen *\/\n  }\n  .custom-table a {\n    text-decoration: none;\n    color: #2F2F2F; \/* Farbe f\u00fcr die Links *\/\n    font-weight: bold;\n  }\n  .custom-table a:hover {\n    text-decoration: underline;\n    color: #000000; \/* Linkfarbe beim Hover *\/\n  }\n  @media screen and (max-width: 600px) {\n    .custom-table .logo-column,\n    .custom-table .partner-column {\n      width: 100%; \/* Volle Breite bei kleinen Bildschirmen *\/\n      display: block;\n      text-align: center; \/* Zentriert den Inhalt *\/\n    }\n    .custom-table img {\n      margin: 0 auto; \/* Zentriert das Bild *\/\n    }\n  }\n<\/style>\n\n<table class=\"custom-table\">\n <tr>\n    <td class=\"logo-column\"><a href=\"https:\/\/augenarztpraxis-abraham.ch\/\" target=\"_blank\" rel=\"noopener\"><img decoding=\"async\" src=\"https:\/\/www.ophthalmo-connect.ch\/wp-content\/uploads\/2025\/03\/Logo_Rolf-Abraham_Augenarztpraxis.png\"><\/a><\/td>\n    <td class=\"partner-column\"><a href=\"https:\/\/augenarztpraxis-abraham.ch\/\" target=\"_blank\" rel=\"noopener\">Augenarztpraxis Rolf Abraham AG<\/a><\/td>\n  <\/tr>  \n\n  <tr>\n    <td class=\"logo-column\"><a href=\"https:\/\/www.stemmle.com\/\" target=\"_blank\" rel=\"noopener\"><img decoding=\"async\" src=\"https:\/\/www.ophthalmo-connect.ch\/wp-content\/uploads\/2024\/11\/Logo-Stemmle.png\" alt=\"Augenarztpraxis Stemmle Logo\"><\/a><\/td>\n    <td class=\"partner-column\"><a href=\"https:\/\/www.stemmle.com\/\" target=\"_blank\" rel=\"noopener\">Augenarzt-Praxis Stemmle AG<\/a><\/td>\n  <\/tr>\n  <tr>\n    <td class=\"logo-column\"><a href=\"https:\/\/www.gutblick.ch\/de\/standorte\/\" target=\"_blank\" rel=\"noopener\"><img decoding=\"async\" src=\"https:\/\/www.ophthalmo-connect.ch\/wp-content\/uploads\/2024\/07\/oc_gutblick.png\" alt=\"Augenarzt-Praxisgemeinschaft Gutblick Logo\"><\/a><\/td>\n    <td class=\"partner-column\"><a href=\"https:\/\/www.gutblick.ch\/de\/standorte\/\" target=\"_blank\" rel=\"noopener\">Augenarzt-Praxisgemeinschaft Gutblick AG<\/a><\/td>\n  <\/tr>\n  <tr>\n    <td class=\"logo-column\"><a href=\"https:\/\/www.augencenter-selde.ch\/\" target=\"_blank\" rel=\"noopener\"><img decoding=\"async\" src=\"https:\/\/www.ophthalmo-connect.ch\/wp-content\/uploads\/2024\/11\/Logo-Selde.png\" alt=\"Augencenter Selde Logo\"><\/a><\/td>\n    <td class=\"partner-column\"><a href=\"https:\/\/www.augencenter-selde.ch\/\" target=\"_blank\" rel=\"noopener\">AugenCenter Dr. Selde<\/a><\/td>\n  <\/tr>\n  <tr>\n    <td class=\"logo-column\"><a href=\"https:\/\/www.augenklinik-wettingen.ch\/\" target=\"_blank\" rel=\"noopener\"><img decoding=\"async\" src=\"https:\/\/www.ophthalmo-connect.ch\/wp-content\/uploads\/2025\/12\/Logo_Augenklinik_Wettingen.png\"><\/a><\/td>\n    <td class=\"partner-column\"><a href=\"https:\/\/www.augenklinik-wettingen.ch\/\" target=\"_blank\" rel=\"noopener\">Augenkliniken Wettingen, Baden und Etzelmatt<\/a><\/td>\n  <\/tr>  \n  <tr>\n    <td class=\"logo-column\"><a href=\"https:\/\/lentics.ch\/\" target=\"_blank\" rel=\"noopener\"><img decoding=\"async\" src=\"https:\/\/www.ophthalmo-connect.ch\/wp-content\/uploads\/2024\/11\/Logo-Lentics.png\" alt=\"Lentics Augenaerzte Logo\"><\/a><\/td>\n    <td class=\"partner-column\"><a href=\"https:\/\/lentics.ch\/\" target=\"_blank\" rel=\"noopener\">Lentics.Augen\u00e4rzte AG<\/a><\/td>\n  <\/tr>\n  <tr>\n    <td class=\"logo-column\"><a href=\"https:\/\/www.dr-eberle.ch\/\" target=\"_blank\" rel=\"noopener\"><img decoding=\"async\" src=\"https:\/\/www.ophthalmo-connect.ch\/wp-content\/uploads\/2024\/11\/Logo-Ophtavis.png\" alt=\"Ophtavis Logo\"><\/a><\/td>\n    <td class=\"partner-column\"><a href=\"https:\/\/www.dr-eberle.ch\/\" target=\"_blank\" rel=\"noopener\">Ophtavis AG<\/a><\/td>\n  <\/tr>\n<\/table>\n\n\n\n<p>Bei Interesse an einem Netzwerkbeitritt melden Sie sich bitte per E-Mail.<br><\/p>\n\n\n\n<\/br>\n\n\n\n<!-- ====================  STYLE-BLOCK  ==================== -->\n<style>\n  \/* Grundstil *\/\n  .footer-link,\n  .footer-link:visited {          \/* normale + bereits besuchte Links *\/\n    color:#ffffff;\n  }\n\n  \/* Hover-\/Active-Zustaende *\/\n  .footer-link:hover,\n  .footer-link:active {           \/* Klick-Phase *\/\n    color:#ffffff;                \/* Weiss beibehalten *\/\n    text-decoration:underline;    \/* Unterstreichung beim Hover *\/\n  }\n\n  \/* Layout + Animation *\/\n  .footer-link{\n    display:inline-flex;\n    align-items:center;\n    gap:4px;\n    text-decoration:none;         \/* Ausgangszustand ohne Linie *\/\n    transition:all .2s ease;\n  }\n  .footer-link .arrow{\n    display:inline-block;\n    transition:transform .2s ease;\n  }\n  .footer-link:hover .arrow{\n    transform:translateX(4px);    \/* Pfeil schiebt sich leicht nach rechts *\/\n  }\n<\/style>\n\n\n<!-- ================  FOOTER (50\/50-FLEX)  ================= -->\n<\/div><\/div>\n\n<div style=\"background-color:#3b3b3b;\n            width:100% !important;\n            margin-left:0 !important;\n            display:flex;\n            flex-wrap:wrap;\">\n\n  <!-- linke Spalte -->\n  <div style=\"flex:0 0 50%;\n              box-sizing:border-box;\n              padding:20px;\n              color:#ffffff;\">\n    Ophthalmo Connect<br>\n    Augen\u00e4rztenetzwerk<br>\n    <a href=\"mailto:kontakt@ophthalmo-connect.ch\"\n       style=\"color:#ffffff;text-decoration:none;\">\n       kontakt@ophthalmo-connect.ch\n    <\/a>\n  <\/div>\n\n  <!-- rechte Spalte -->\n  <div style=\"flex:0 0 50%;\n              box-sizing:border-box;\n              padding:20px;\n              color:#ffffff;\">\n    <a href=\"https:\/\/www.ophthalmo-connect.ch\/intranet\/de\/\"\n       class=\"footer-link\">\n       <span class=\"arrow\">&#8594;<\/span> Login Intranet\n    <\/a>\n  <\/div>\n<\/div>\n\n\n\n\n","protected":false},"excerpt":{"rendered":"<p>Will&shy;kommen im Ophthalmo Connect-Netzwerk F\u00fcr selbst\u00adst\u00e4ndig ge\u00adf\u00fchrte Augen\u00adarzt\u00adpraxen Netzwerk f\u00fcr qua\u00adli\u00adtativ hoch\u00adwertige Augen\u00admedizin Ophthalmo Connect wurde von renommierten Augenarztpraxen gegr\u00fcndet, um die fachliche Zusammenarbeit zwischen den selbstst\u00e4ndig gef\u00fchrten Augenpraxen zu f\u00f6rdern und die Patientenversorgung zu verbessern. Das Ziel der Netzwerkpartner ist es, durch Know-how-Transfer und Nutzung von Skaleneffekten gemeinsam zu profitieren. Die Netzwerkpartner arbeiten vor [&hellip;]<\/p>\n","protected":false},"author":1,"featured_media":0,"parent":0,"menu_order":0,"comment_status":"closed","ping_status":"closed","template":"","meta":{"footnotes":""},"class_list":["post-12","page","type-page","status-publish","hentry"],"_links":{"self":[{"href":"https:\/\/www.ophthalmo-connect.ch\/index.php\/wp-json\/wp\/v2\/pages\/12","targetHints":{"allow":["GET"]}}],"collection":[{"href":"https:\/\/www.ophthalmo-connect.ch\/index.php\/wp-json\/wp\/v2\/pages"}],"about":[{"href":"https:\/\/www.ophthalmo-connect.ch\/index.php\/wp-json\/wp\/v2\/types\/page"}],"author":[{"embeddable":true,"href":"https:\/\/www.ophthalmo-connect.ch\/index.php\/wp-json\/wp\/v2\/users\/1"}],"replies":[{"embeddable":true,"href":"https:\/\/www.ophthalmo-connect.ch\/index.php\/wp-json\/wp\/v2\/comments?post=12"}],"version-history":[{"count":216,"href":"https:\/\/www.ophthalmo-connect.ch\/index.php\/wp-json\/wp\/v2\/pages\/12\/revisions"}],"predecessor-version":[{"id":514,"href":"https:\/\/www.ophthalmo-connect.ch\/index.php\/wp-json\/wp\/v2\/pages\/12\/revisions\/514"}],"wp:attachment":[{"href":"https:\/\/www.ophthalmo-connect.ch\/index.php\/wp-json\/wp\/v2\/media?parent=12"}],"curies":[{"name":"wp","href":"https:\/\/api.w.org\/{rel}","templated":true}]}}